{"id":78,"date":"2011-09-25T12:50:21","date_gmt":"2011-09-25T10:50:21","guid":{"rendered":"http:\/\/www.efsorust.se\/?page_id=78"},"modified":"2011-09-25T12:50:21","modified_gmt":"2011-09-25T10:50:21","slug":"nyhetsbrev","status":"publish","type":"page","link":"https:\/\/www.efsorust.se\/?page_id=78","title":{"rendered":"Nyhetsbrev"},"content":{"rendered":"<p>Jag vill g\u00e4rna f\u00e5 p\u00e5minnelser till min e-postadress om kommande h\u00e4ndelser.<\/p>\n<form action=\"http:\/\/admin.getanewsletter.com\/api\/subscription\/add\/\" method=\"post\">\n<table>\n<tbody>\n<tr>\n<th><label for=\"id_first_name\">F\u00f6rnamn:<\/label><\/th>\n<td><input id=\"id_first_name\" class=\"text\" maxlength=\"50\" name=\"first_name\" type=\"text\" \/><\/td>\n<\/tr>\n<tr>\n<th><label for=\"id_last_name\">Efternamn:<\/label><\/th>\n<td><input id=\"id_last_name\" class=\"text\" maxlength=\"50\" name=\"last_name\" type=\"text\" \/><\/td>\n<\/tr>\n<tr>\n<th><label for=\"id_email\">E-post:<\/label><\/th>\n<td><input id=\"id_email\" class=\"text\" maxlength=\"150\" name=\"email\" type=\"text\" \/><input id=\"id_newsletter\" name=\"newsletter\" type=\"hidden\" value=\"R0vDspCNaYwilf8\" \/><input id=\"id_api_key\" name=\"api_key\" type=\"hidden\" value=\"9DTA62d\" \/><input id=\"id_next_url\" name=\"next_url\" type=\"hidden\" \/><\/td>\n<\/tr>\n<\/tbody>\n<\/table>\n<p><input type=\"submit\" value=\"Skicka\" \/><\/p>\n<\/form>\n<form action=\"http:\/\/admin.getanewsletter.com\/api\/subscription\/add\/\" method=\"post\">Du kan alltid enkelt avs\u00e4ga dig framtida utskick. I varje nyhetsbrev finns en l\u00e4nk att klicka p\u00e5 f\u00f6r detta.<br \/>\n<\/form>\n","protected":false},"excerpt":{"rendered":"<p>Jag vill g\u00e4rna f\u00e5 p\u00e5minnelser till min e-postadress om kommande h\u00e4ndelser. F\u00f6rnamn: Efternamn: E-post: Du kan alltid enkelt avs\u00e4ga dig framtida utskick. I varje nyhetsbrev finns en l\u00e4nk att klicka p\u00e5 f\u00f6r detta.<\/p>\n","protected":false},"author":1,"featured_media":0,"parent":0,"menu_order":0,"comment_status":"closed","ping_status":"closed","template":"","meta":{"footnotes":""},"class_list":["post-78","page","type-page","status-publish","hentry"],"_links":{"self":[{"href":"https:\/\/www.efsorust.se\/index.php?rest_route=\/wp\/v2\/pages\/78","targetHints":{"allow":["GET"]}}],"collection":[{"href":"https:\/\/www.efsorust.se\/index.php?rest_route=\/wp\/v2\/pages"}],"about":[{"href":"https:\/\/www.efsorust.se\/index.php?rest_route=\/wp\/v2\/types\/page"}],"author":[{"embeddable":true,"href":"https:\/\/www.efsorust.se\/index.php?rest_route=\/wp\/v2\/users\/1"}],"replies":[{"embeddable":true,"href":"https:\/\/www.efsorust.se\/index.php?rest_route=%2Fwp%2Fv2%2Fcomments&post=78"}],"version-history":[{"count":2,"href":"https:\/\/www.efsorust.se\/index.php?rest_route=\/wp\/v2\/pages\/78\/revisions"}],"predecessor-version":[{"id":80,"href":"https:\/\/www.efsorust.se\/index.php?rest_route=\/wp\/v2\/pages\/78\/revisions\/80"}],"wp:attachment":[{"href":"https:\/\/www.efsorust.se\/index.php?rest_route=%2Fwp%2Fv2%2Fmedia&parent=78"}],"curies":[{"name":"wp","href":"https:\/\/api.w.org\/{rel}","templated":true}]}}