{"id":229,"date":"2013-08-18T18:58:50","date_gmt":"2013-08-18T16:58:50","guid":{"rendered":"http:\/\/www.efsorust.se\/?page_id=229"},"modified":"2018-09-23T17:37:50","modified_gmt":"2018-09-23T15:37:50","slug":"valkommen-till-efs-orust","status":"publish","type":"page","link":"https:\/\/www.efsorust.se\/","title":{"rendered":"V\u00e4lkommen till EFS Orust!"},"content":{"rendered":"<p><span style=\"line-height: 1.714285714; font-size: 1rem;\">Vi vill verka f\u00f6r att Jesus skall bli din b\u00e4sta v\u00e4n och framtidshopp. En som du kan ha en personlig relation till och som f\u00e5r leda ditt liv.<\/span><\/p>\n<p>Detta kan g\u00f6ras p\u00e5 olika s\u00e4tt. Vi har tidigare haft m\u00f6ten varje m\u00e5nad d\u00e4r olika talare predikat om viktiga \u00e4mnen och d\u00e4r vi f\u00e5tt lovsjunga Gud och ofta \u00e4ven f\u00e5tt tillf\u00e4lle till personlig f\u00f6rb\u00f6n. Nu f\u00f6rs\u00f6ker vi lyssna in vad Guds plan \u00e4r f\u00f6r oss i framtiden. D\u00e4rf\u00f6r \u00e4r det f\u00f6r tillf\u00e4llet lite glesare med ordnade m\u00f6ten.<\/p>\n<p>Varmt v\u00e4lkommen till v\u00e5ra samlingar. Vill du komma i kontakt med oss s\u00e5 hittar du telefonnummer p\u00e5 annan plats p\u00e5 v\u00e5r hemsida.<\/p>\n<hr \/>\n","protected":false},"excerpt":{"rendered":"<p>Vi vill verka f\u00f6r att Jesus skall bli din b\u00e4sta v\u00e4n och framtidshopp. En som du kan ha en personlig relation till och som f\u00e5r leda ditt liv. Detta kan g\u00f6ras p\u00e5 olika s\u00e4tt. Vi har tidigare haft m\u00f6ten varje m\u00e5nad d\u00e4r olika talare predikat om viktiga \u00e4mnen och d\u00e4r vi f\u00e5tt lovsjunga Gud och [&hellip;]<\/p>\n","protected":false},"author":1,"featured_media":0,"parent":0,"menu_order":0,"comment_status":"closed","ping_status":"closed","template":"template-magazine.php","meta":{"footnotes":""},"class_list":["post-229","page","type-page","status-publish","hentry"],"_links":{"self":[{"href":"https:\/\/www.efsorust.se\/index.php?rest_route=\/wp\/v2\/pages\/229","targetHints":{"allow":["GET"]}}],"collection":[{"href":"https:\/\/www.efsorust.se\/index.php?rest_route=\/wp\/v2\/pages"}],"about":[{"href":"https:\/\/www.efsorust.se\/index.php?rest_route=\/wp\/v2\/types\/page"}],"author":[{"embeddable":true,"href":"https:\/\/www.efsorust.se\/index.php?rest_route=\/wp\/v2\/users\/1"}],"replies":[{"embeddable":true,"href":"https:\/\/www.efsorust.se\/index.php?rest_route=%2Fwp%2Fv2%2Fcomments&post=229"}],"version-history":[{"count":16,"href":"https:\/\/www.efsorust.se\/index.php?rest_route=\/wp\/v2\/pages\/229\/revisions"}],"predecessor-version":[{"id":547,"href":"https:\/\/www.efsorust.se\/index.php?rest_route=\/wp\/v2\/pages\/229\/revisions\/547"}],"wp:attachment":[{"href":"https:\/\/www.efsorust.se\/index.php?rest_route=%2Fwp%2Fv2%2Fmedia&parent=229"}],"curies":[{"name":"wp","href":"https:\/\/api.w.org\/{rel}","templated":true}]}}