{"id":2,"date":"2011-01-23T21:50:22","date_gmt":"2011-01-23T21:50:22","guid":{"rendered":"http:\/\/www.efsorust.se\/?page_id=2"},"modified":"2025-11-03T21:03:58","modified_gmt":"2025-11-03T20:03:58","slug":"om","status":"publish","type":"page","link":"https:\/\/www.efsorust.se\/?page_id=2","title":{"rendered":"Om"},"content":{"rendered":"<p>EFS Orust startades 2011 som en EFS-grupp av fyra familjer p\u00e5 Orust. EFS \u00e4r en r\u00f6relse inom Svenska Kyrkan som vill verka f\u00f6r mission och f\u00f6rnyelse. EFS Orust har ingen anst\u00e4lld utan baseras helt p\u00e5 lekmannamedverkan.<\/p>\n<p><strong>EFS Orusts verksamhet \u00e4r vilande, men vi hoppas \u00e5terg\u00e5 till v\u00e5ra ordningar efter ny\u00e5r 2026<\/strong>.<\/p>\n<p>V\u00e5r verksamhet best\u00e5r i regelbundna m\u00f6ten och samlingar d\u00e4r b\u00f6n och lovs\u00e5ng alltid \u00e4r viktiga punkter. Vi bjuder ocks\u00e5 in olika talare f\u00f6r undervisning. F\u00f6rhoppningen \u00e4r att med tiden ut\u00f6ka v\u00e5r verksamhet, allt med syfte att sprida evangeliet om Jesus Kristus p\u00e5 Orust.<\/p>\n<p><b><span style=\"color: #000000;\">Verksamhetsbeskrivning f\u00f6r EFS Orust<\/span><\/b><\/p>\n<p>EFS \u00e4r en lekmannar\u00f6relse inom Svenska kyrkan som p\u00e5 den evangelisklutherska bek\u00e4nnelsens grund vill fr\u00e4mja Kristi rikes tillv\u00e4xt och vara en hj\u00e4lp f\u00f6r m\u00e4nniskor att leva n\u00e4ra Jesus Kristus.<\/p>\n<p>EFS vill verka f\u00f6r denna m\u00e5ls\u00e4ttning genom att:<\/p>\n<ul>\n<li>uppmuntra och st\u00f6dja personlig kristen tro<\/li>\n<li>inspirera till andligt samtal och bibelbruk<\/li>\n<li>skapa personligt engagemang f\u00f6r mission lokal s\u00e5 v\u00e4l som globalt<\/li>\n<li>betona gudsfolkets roll som b\u00e4rare av kyrkans uppdrag<\/li>\n<li>erbjuda strukturer, m\u00f6tesplatser och former f\u00f6r detta<\/li>\n<\/ul>\n<p>EFS \u00e4r ett n\u00e4tverk f\u00f6r enskilda och grupper som vill st\u00f6dja och verka f\u00f6r dessa m\u00e5ls\u00e4ttningar.<\/p>\n<p>Medlemskapet i EFS \u00e4r ett st\u00e4llningstagande och inte ett \u00e5tagande. Kriterierna f\u00f6r medlemskap \u00e4r ideologiska och bottnar i den enskildes vilja att st\u00f6dja EFS grundtankar. Var och en som vill g\u00f6ra detta \u00e4r v\u00e4lkommen som medlem i EFS.<\/p>\n<p>EFS Orust vill uppmuntra sm\u00e5gruppsbaserad gemenskap d\u00e4r man tr\u00e4ffas varje eller varannan vecka.<\/p>\n<p>Dessutom vill vi str\u00e4va efter att anordna \u00f6ppna storsamlingar n\u00e5gra g\u00e5nger per termin \/ en g\u00e5ng per m\u00e5nad. Dessa samlingar skall inneh\u00e5lla undervisning, lovs\u00e5ng och b\u00f6n.<\/p>\n<table style=\"width: 100%; height: 92px;\" border=\"0\">\n<tbody>\n<tr style=\"height: 23px;\">\n<th style=\"text-align: center; height: 23px;\" colspan=\"3\">Kontaktpersoner<\/th>\n<\/tr>\n<tr style=\"height: 23px;\">\n<td style=\"height: 23px;\"><\/td>\n<td style=\"height: 23px;\"><\/td>\n<td style=\"height: 23px;\"><\/td>\n<\/tr>\n<tr style=\"height: 23px;\">\n<td style=\"height: 23px;\">Gunnar Klingberg<\/td>\n<td style=\"height: 23px;\">Tel. 0732 &#8211; 683 306<\/td>\n<td style=\"height: 23px;\"><\/td>\n<\/tr>\n<tr style=\"height: 23px;\">\n<td style=\"height: 23px;\">Ture Olsson<\/td>\n<td style=\"height: 23px;\">Tel. 0733 &#8211; 231 522<\/td>\n<td style=\"height: 23px;\"><\/td>\n<\/tr>\n<\/tbody>\n<\/table>\n<p>Reseers\u00e4ttningsblankett f\u00f6r dig som medverkat vid v\u00e5rt m\u00f6te:\u00a0<a href=\"https:\/\/www.efsorust.se\/wp-content\/uploads\/2025\/05\/Reseersattning-blankett.pdf\">Reseers\u00e4ttningblankett<\/a><\/p>\n","protected":false},"excerpt":{"rendered":"<p>EFS Orust startades 2011 som en EFS-grupp av fyra familjer p\u00e5 Orust. EFS \u00e4r en r\u00f6relse inom Svenska Kyrkan som vill verka f\u00f6r mission och f\u00f6rnyelse. EFS Orust har ingen anst\u00e4lld utan baseras helt p\u00e5 lekmannamedverkan. EFS Orusts verksamhet \u00e4r vilande, men vi hoppas \u00e5terg\u00e5 till v\u00e5ra ordningar efter ny\u00e5r 2026. V\u00e5r verksamhet best\u00e5r i [&hellip;]<\/p>\n","protected":false},"author":1,"featured_media":0,"parent":0,"menu_order":0,"comment_status":"closed","ping_status":"closed","template":"","meta":{"footnotes":""},"class_list":["post-2","page","type-page","status-publish","hentry"],"_links":{"self":[{"href":"https:\/\/www.efsorust.se\/index.php?rest_route=\/wp\/v2\/pages\/2","targetHints":{"allow":["GET"]}}],"collection":[{"href":"https:\/\/www.efsorust.se\/index.php?rest_route=\/wp\/v2\/pages"}],"about":[{"href":"https:\/\/www.efsorust.se\/index.php?rest_route=\/wp\/v2\/types\/page"}],"author":[{"embeddable":true,"href":"https:\/\/www.efsorust.se\/index.php?rest_route=\/wp\/v2\/users\/1"}],"replies":[{"embeddable":true,"href":"https:\/\/www.efsorust.se\/index.php?rest_route=%2Fwp%2Fv2%2Fcomments&post=2"}],"version-history":[{"count":30,"href":"https:\/\/www.efsorust.se\/index.php?rest_route=\/wp\/v2\/pages\/2\/revisions"}],"predecessor-version":[{"id":599,"href":"https:\/\/www.efsorust.se\/index.php?rest_route=\/wp\/v2\/pages\/2\/revisions\/599"}],"wp:attachment":[{"href":"https:\/\/www.efsorust.se\/index.php?rest_route=%2Fwp%2Fv2%2Fmedia&parent=2"}],"curies":[{"name":"wp","href":"https:\/\/api.w.org\/{rel}","templated":true}]}}